{"id":3,"date":"2024-07-16T16:33:55","date_gmt":"2024-07-16T16:33:55","guid":{"rendered":"https:\/\/dev2.mbis.at\/?page_id=3"},"modified":"2025-02-21T14:45:23","modified_gmt":"2025-02-21T14:45:23","slug":"privacy-policy","status":"publish","type":"page","link":"https:\/\/mbis.at\/?page_id=3","title":{"rendered":"Datenschutzerkl\u00e4rung gem\u00e4\u00df Art 13 DSGVO"},"content":{"rendered":"\n<p>Der Schutz Ihrer Daten ist uns ein Anliegen. Wir verarbeiten Ihre Daten daher ausschlie\u00dflich auf Grundlage der gesetzlichen Bestimmungen (DSGVO, TKG). Nachfolgend informieren wir Sie \u00fcber die Verarbeitung Ihrer personenbezogenen Daten im Rahmen Ihres Besuches auf unserer Website.<\/p>\n\n\n\n<p>Verantwortlich f\u00fcr die Verarbeitung ist:<\/p>\n\n\n\n<p>Markus Baumgartner<br>Weinberggasse 55\/41, 1190 Wien<br>E-Mail: <a href=\"mailto:m.baumgartner@mbis.at\">office@mbis.at<\/a><br>Telefon: +43 720 345736<\/p>\n\n\n\n<p>Ein Datenschutzbeauftragter ist nicht bestellt.<\/p>\n\n\n\n<p><strong>Details zur Datenverarbeitung<\/strong><\/p>\n\n\n\n<p>Diese Website wird auf Servern unseres Hosting-Partners Fritz Managed IT GmbH gehostet. Beim Aufruf der Website erfasst der Hosting-Partner automatisch Informationen, die der Browser an die Server \u00fcbermittelt. Diese Informationen werden in Logfiles gespeichert und umfassen die Adresse (URL) der aufgerufenen Webseite, Datum und Uhrzeit des Zugriffs, IP-Adresse, Browser und Browserversion und das verwendete Betriebssystem. Die Informationen werden von Fritz Managed IT zur Analyse und Aufrechterhaltung des technischen Betriebs der Server und des Netzwerkes sowie zur Missbrauchsbek\u00e4mpfung benutzt und werden nach 7 Tagen automatisch gel\u00f6scht.<\/p>\n\n\n\n<p>Auf Basis der IP-Adresse zusammen mit dem Zeitpunkt des Zugriffs kann identifiziert werden, wer den Anschluss \u00fcber den Internetzugang inne hatte. Allerdings ben\u00f6tigt man hierf\u00fcr die Mithilfe des Internet-Providers der Person, die diesen Anschluss innehat.<\/p>\n\n\n\n<p><strong>Datenverwendung<\/strong><\/p>\n\n\n\n<p>Die Daten werden f\u00fcr den Betrieb dieser Website verwendet. Eine Weiterverwendung Ihrer personenbezogenen Daten f\u00fcr andere Zwecke findet nicht statt.<\/p>\n\n\n\n<p><strong>Rechtsgrundlage der Verarbeitung<\/strong><\/p>\n\n\n\n<p>Wir verarbeiten Ihre personenbezogenen Daten auf Grundlage unseres berechtigten Interesses (Art&nbsp;6&nbsp;(1) f DSGVO). Diese Datenverarbeitung ist f\u00fcr die Verwaltung und die Aufrechterhaltung der generellen Funktionsf\u00e4higkeit einer Website erforderlich. Ohne die Verarbeitung dieser Daten w\u00e4re der Betrieb dieser Website daher nicht m\u00f6glich.<\/p>\n\n\n\n<p><strong>Wer empf\u00e4ngt die Daten<\/strong><\/p>\n\n\n\n<p>Daten zur Verwaltung der Website werden nur dann an Dritte \u00fcbermittelt, wenn ein Angriff oder ein illegaler Zugriff vermutet werden. In diesen F\u00e4llen werden die Daten zur Kl\u00e4rung des Vorfalls und zur Verfolgung von rechtswidrigem Verhalten an technische Fachleute und Sicherheitsbeh\u00f6rden weitergeleitet.<\/p>\n\n\n\n<p><strong>\u00dcbermittlung an Drittl\u00e4nder<\/strong><\/p>\n\n\n\n<p>Die Daten werden nicht in Drittl\u00e4nder oder internationale Organisationen \u00fcbermittelt.<\/p>\n\n\n\n<p><strong>Cookies<\/strong><\/p>\n\n\n\n<p>Unsere Website verwendet Cookies. Dabei handelt es sich um kleine Textdateien, die mit Hilfe des Browsers auf Ihrem Endger\u00e4t abgelegt werden. <\/p>\n\n\n\n<p>Einige dieser Cookies sind f\u00fcr den Betrieb der Webseite erforderlich. Sie k\u00f6nnen Ihren Browser so einrichten, dass Sie \u00fcber das Setzen von Cookies informiert werden und Sie dies nur im Einzelfall erlauben.<br><br>Genutzte Cookies:<\/p>\n\n\n\n<p><em>wordpress_test_cookie<\/em><\/p>\n\n\n\n<p>Hierbei handelt es sich um ein Test-Cookie von WordPress. Das Cookie dient rein dem Test ob Cookies \u00fcberhaupt gesetzt werden k\u00f6nnen und wird mit Sitzungende gel\u00f6scht.<br><br>wordpress_language_cookie<br>Hierbei handelt es sich um ein Cookie von WordPress, das die eingestellte Ausgabsprache f\u00fcr die Ausgabe der Website speichert und wird mit Sitzungsende gel\u00f6scht. <\/p>\n\n\n\n<p>Rechtsgrundlage f\u00fcr die Nutzung erforderlicher Cookies ist Art 6 Abs 1 lit f (berechtigte Interessen) der DSGVO. Berechtigte Interessen im Sinne der DSGVO sind hierbei die ordnungsgem\u00e4\u00dfe und sichere Funktion der Webseite sowie die Optimierung unseres Angebotes.<\/p>\n\n\n\n<p><strong>Automatisierte Entscheidungsfindung<\/strong><\/p>\n\n\n\n<p>Es findet keine automatisierte Entscheidungsfindung statt.<br><strong><br>Rechte laut Datenschutzgrundverordnung<\/strong><\/p>\n\n\n\n<p>Ihnen stehen laut den Bestimmungen der DSGVO und des \u00f6sterreichischen Datenschutzgesetzes (DSG) grunds\u00e4tzlich folgende Rechte zu:<\/p>\n\n\n\n<ul class=\"wp-block-list\">\n<li>Recht auf Auskunft (Art 15 DSGVO)<\/li>\n\n\n\n<li>Recht auf Berichtigung (Art 16 DSGVO)<\/li>\n\n\n\n<li>Recht auf L\u00f6schung (Art 17 DSGVO)<\/li>\n\n\n\n<li>Recht auf Einschr\u00e4nkung der Verarbeitung (Art 18 DSGVO)<\/li>\n\n\n\n<li>Widerspruchsrecht (Art 21 DSGVO)<\/li>\n<\/ul>\n\n\n\n<p>Wenn Sie einen Antrag zur Geltendmachung Ihrer Rechte an uns richten, verlangen wir in Zweifelsf\u00e4llen einen Identit\u00e4tsnachweis, um sicherzustellen, dass wir Ihre Daten nicht an unberechtigte Dritte weitergeben.<\/p>\n\n\n\n<p><strong>Datenschutzbeh\u00f6rde<\/strong><\/p>\n\n\n\n<p>Wenn Sie glauben, dass die Verarbeitung Ihrer Daten gegen das Datenschutzrecht verst\u00f6\u00dft oder Ihre datenschutzrechtlichen Anspr\u00fcche sonst in einer Weise verletzt worden sind, k\u00f6nnen Sie sich an die Datenschutzbeh\u00f6rde (<a href=\"https:\/\/www.dsb.gv.at\">www.dsb.gv.at<\/a>) wenden.<\/p>\n","protected":false},"excerpt":{"rendered":"<p>Der Schutz Ihrer Daten ist uns ein Anliegen. Wir verarbeiten Ihre Daten daher ausschlie\u00dflich auf Grundlage der gesetzlichen Bestimmungen (DSGVO, TKG). Nachfolgend informieren wir Sie \u00fcber die Verarbeitung Ihrer personenbezogenen Daten im Rahmen Ihres Besuches auf unserer Website. Verantwortlich f\u00fcr die Verarbeitung ist: Markus BaumgartnerWeinberggasse 55\/41, 1190 WienE-Mail: office@mbis.atTelefon: +43 720 345736 Ein Datenschutzbeauftragter ist &hellip; <\/p>\n<p class=\"link-more\"><a href=\"https:\/\/mbis.at\/?page_id=3\" class=\"more-link\"><span class=\"screen-reader-text\">\u201eDatenschutzerkl\u00e4rung gem\u00e4\u00df Art 13 DSGVO\u201c <\/span>weiterlesen<\/a><\/p>\n","protected":false},"author":1,"featured_media":0,"parent":0,"menu_order":0,"comment_status":"closed","ping_status":"open","template":"","meta":{"footnotes":""},"class_list":["post-3","page","type-page","status-publish","hentry"],"_links":{"self":[{"href":"https:\/\/mbis.at\/index.php?rest_route=\/wp\/v2\/pages\/3","targetHints":{"allow":["GET"]}}],"collection":[{"href":"https:\/\/mbis.at\/index.php?rest_route=\/wp\/v2\/pages"}],"about":[{"href":"https:\/\/mbis.at\/index.php?rest_route=\/wp\/v2\/types\/page"}],"author":[{"embeddable":true,"href":"https:\/\/mbis.at\/index.php?rest_route=\/wp\/v2\/users\/1"}],"replies":[{"embeddable":true,"href":"https:\/\/mbis.at\/index.php?rest_route=%2Fwp%2Fv2%2Fcomments&post=3"}],"version-history":[{"count":8,"href":"https:\/\/mbis.at\/index.php?rest_route=\/wp\/v2\/pages\/3\/revisions"}],"predecessor-version":[{"id":187,"href":"https:\/\/mbis.at\/index.php?rest_route=\/wp\/v2\/pages\/3\/revisions\/187"}],"wp:attachment":[{"href":"https:\/\/mbis.at\/index.php?rest_route=%2Fwp%2Fv2%2Fmedia&parent=3"}],"curies":[{"name":"wp","href":"https:\/\/api.w.org\/{rel}","templated":true}]}}