{"id":15,"date":"2024-07-18T08:36:43","date_gmt":"2024-07-18T08:36:43","guid":{"rendered":"https:\/\/dev2.mbis.at\/?page_id=15"},"modified":"2025-02-21T15:06:55","modified_gmt":"2025-02-21T15:06:55","slug":"startseite","status":"publish","type":"page","link":"https:\/\/mbis.at\/","title":{"rendered":""},"content":{"rendered":"\n<p>Gemeinsam mit Mitarbeitern unserer Kunden und externen Dienstleistern erreichen wir die Projektziele unserer Auftraggeber. Wir liefern zuverl\u00e4ssig, zeitgerecht und mit hoher fachlicher Qualit\u00e4t.<\/p>\n\n\n\n<p>Einige der Gr\u00fcnden, weshalb Kunden auf unsere Projektmanagement-Dienstleistungen setzen:<\/p>\n\n\n\n<ul class=\"wp-block-list\">\n<li>Ihr Projektziel ist unser Fokus, wir liefern frei und unbefangen<\/li>\n\n\n\n<li>Die Erg\u00e4nzung des internen Know-Hows<\/li>\n\n\n\n<li>Ein zus\u00e4tzlicher Blickwinkel erfahrener Berater<\/li>\n\n\n\n<li>Ausgleich von Auslastungsspitzen<\/li>\n<\/ul>\n\n\n\n<p><\/p>\n","protected":false},"excerpt":{"rendered":"<p>Gemeinsam mit Mitarbeitern unserer Kunden und externen Dienstleistern erreichen wir die Projektziele unserer Auftraggeber. Wir liefern zuverl\u00e4ssig, zeitgerecht und mit hoher fachlicher Qualit\u00e4t. Einige der Gr\u00fcnden, weshalb Kunden auf unsere Projektmanagement-Dienstleistungen setzen:<\/p>\n","protected":false},"author":1,"featured_media":0,"parent":0,"menu_order":0,"comment_status":"closed","ping_status":"closed","template":"","meta":{"footnotes":""},"class_list":["post-15","page","type-page","status-publish","hentry"],"_links":{"self":[{"href":"https:\/\/mbis.at\/index.php?rest_route=\/wp\/v2\/pages\/15","targetHints":{"allow":["GET"]}}],"collection":[{"href":"https:\/\/mbis.at\/index.php?rest_route=\/wp\/v2\/pages"}],"about":[{"href":"https:\/\/mbis.at\/index.php?rest_route=\/wp\/v2\/types\/page"}],"author":[{"embeddable":true,"href":"https:\/\/mbis.at\/index.php?rest_route=\/wp\/v2\/users\/1"}],"replies":[{"embeddable":true,"href":"https:\/\/mbis.at\/index.php?rest_route=%2Fwp%2Fv2%2Fcomments&post=15"}],"version-history":[{"count":12,"href":"https:\/\/mbis.at\/index.php?rest_route=\/wp\/v2\/pages\/15\/revisions"}],"predecessor-version":[{"id":203,"href":"https:\/\/mbis.at\/index.php?rest_route=\/wp\/v2\/pages\/15\/revisions\/203"}],"wp:attachment":[{"href":"https:\/\/mbis.at\/index.php?rest_route=%2Fwp%2Fv2%2Fmedia&parent=15"}],"curies":[{"name":"wp","href":"https:\/\/api.w.org\/{rel}","templated":true}]}}